{"id":16,"date":"2026-03-06T21:05:40","date_gmt":"2026-03-06T20:05:40","guid":{"rendered":"https:\/\/hcpsystem.net.pe\/?page_id=16"},"modified":"2026-03-10T16:08:34","modified_gmt":"2026-03-10T21:08:34","slug":"inicio","status":"publish","type":"page","link":"https:\/\/hcpsystem.net.pe\/index.php\/inicio\/","title":{"rendered":"Inicio"},"content":{"rendered":"\t\t<div data-elementor-type=\"wp-page\" data-elementor-id=\"16\" class=\"elementor elementor-16\">\n\t\t\t\t<div class=\"elementor-element elementor-element-72bcb2d5 e-flex e-con-boxed e-con e-parent\" data-id=\"72bcb2d5\" data-element_type=\"container\" data-e-type=\"container\">\n\t\t\t\t\t<div class=\"e-con-inner\">\n\t\t\t\t<div class=\"elementor-element elementor-element-431b9398 elementor-widget elementor-widget-text-editor\" data-id=\"431b9398\" data-element_type=\"widget\" data-e-type=\"widget\" data-widget_type=\"text-editor.default\">\n\t\t\t\t\t\t\t\t\t\n\n\t\t\t\t\t\t\t\t<\/div>\n\t\t\t\t\t<\/div>\n\t\t\t\t<\/div>\n\t\t<div class=\"elementor-element elementor-element-43dcf5e e-flex e-con-boxed e-con e-parent\" data-id=\"43dcf5e\" data-element_type=\"container\" data-e-type=\"container\">\n\t\t\t\t\t<div class=\"e-con-inner\">\n\t\t\t\t<div class=\"elementor-element elementor-element-887f484 elementor-widget elementor-widget-wpforms\" data-id=\"887f484\" data-element_type=\"widget\" data-e-type=\"widget\" data-widget_type=\"wpforms.default\">\n\t\t\t\t<div class=\"elementor-widget-container\">\n\t\t\t\t\t<div class=\"wpforms-container wpforms-container-full wpforms-render-modern\" id=\"wpforms-105\"><form id=\"wpforms-form-105\" class=\"wpforms-validate wpforms-form wpforms-ajax-form\" data-formid=\"105\" method=\"post\" enctype=\"multipart\/form-data\" action=\"\/index.php\/wp-json\/wp\/v2\/pages\/16\" data-token=\"04f7c51bb59009b12ef2e13e71a77905\" data-token-time=\"1777966215\"><noscript class=\"wpforms-error-noscript\">Por favor, activa JavaScript en tu navegador para completar este formulario.<\/noscript><div id=\"wpforms-error-noscript\" style=\"display: none;\">Por favor, activa JavaScript en tu navegador para completar este formulario.<\/div><div class=\"wpforms-field-container\"><div id=\"wpforms-105-field_1-container\" class=\"wpforms-field wpforms-field-textarea\" data-field-id=\"1\"><label class=\"wpforms-field-label\" for=\"wpforms-105-field_1\">P\u00e1rrafo de texto<\/label><textarea id=\"wpforms-105-field_1\" class=\"wpforms-field-medium\" name=\"wpforms[fields][1]\" aria-errormessage=\"wpforms-105-field_1-error\" ><\/textarea><\/div><div id=\"wpforms-105-field_2-container\" class=\"wpforms-field wpforms-field-radio\" data-field-id=\"2\"><fieldset><legend class=\"wpforms-field-label\">Opciones m\u00faltiples<\/legend><ul id=\"wpforms-105-field_2\"><li class=\"choice-1 depth-1\"><input type=\"radio\" id=\"wpforms-105-field_2_1\" name=\"wpforms[fields][2]\" value=\"Primera opci\u00f3n\" aria-errormessage=\"wpforms-105-field_2_1-error\"  ><label class=\"wpforms-field-label-inline\" for=\"wpforms-105-field_2_1\">Primera opci\u00f3n<\/label><\/li><li class=\"choice-2 depth-1\"><input type=\"radio\" id=\"wpforms-105-field_2_2\" name=\"wpforms[fields][2]\" value=\"Segunda opci\u00f3n\" aria-errormessage=\"wpforms-105-field_2_2-error\"  ><label class=\"wpforms-field-label-inline\" for=\"wpforms-105-field_2_2\">Segunda opci\u00f3n<\/label><\/li><li class=\"choice-3 depth-1\"><input type=\"radio\" id=\"wpforms-105-field_2_3\" name=\"wpforms[fields][2]\" value=\"Tercera opci\u00f3n\" aria-errormessage=\"wpforms-105-field_2_3-error\"  ><label class=\"wpforms-field-label-inline\" for=\"wpforms-105-field_2_3\">Tercera opci\u00f3n<\/label><\/li><\/ul><\/fieldset><\/div>\t\t<div id=\"wpforms-105-field_4-container\"\n\t\t\tclass=\"wpforms-field wpforms-field-text\"\n\t\t\tdata-field-type=\"text\"\n\t\t\tdata-field-id=\"4\"\n\t\t\t>\n\t\t\t<label class=\"wpforms-field-label\" for=\"wpforms-105-field_4\" >de P\u00e1rrafo Casillas<\/label>\n\t\t\t<input type=\"text\" id=\"wpforms-105-field_4\" class=\"wpforms-field-medium\" name=\"wpforms[fields][4]\" >\n\t\t<\/div>\n\t\t<div id=\"wpforms-105-field_3-container\" class=\"wpforms-field wpforms-field-checkbox\" data-field-id=\"3\"><fieldset><legend class=\"wpforms-field-label\">Casillas de verificaci\u00f3n<\/legend><ul id=\"wpforms-105-field_3\"><li class=\"choice-1 depth-1\"><input type=\"checkbox\" id=\"wpforms-105-field_3_1\" name=\"wpforms[fields][3][]\" value=\"Primera opci\u00f3n\" aria-errormessage=\"wpforms-105-field_3_1-error\"  ><label class=\"wpforms-field-label-inline\" for=\"wpforms-105-field_3_1\">Primera opci\u00f3n<\/label><\/li><li class=\"choice-2 depth-1\"><input type=\"checkbox\" id=\"wpforms-105-field_3_2\" name=\"wpforms[fields][3][]\" value=\"Segunda opci\u00f3n\" aria-errormessage=\"wpforms-105-field_3_2-error\"  ><label class=\"wpforms-field-label-inline\" for=\"wpforms-105-field_3_2\">Segunda opci\u00f3n<\/label><\/li><li class=\"choice-3 depth-1\"><input type=\"checkbox\" id=\"wpforms-105-field_3_3\" name=\"wpforms[fields][3][]\" value=\"Tercera opci\u00f3n\" aria-errormessage=\"wpforms-105-field_3_3-error\"  ><label class=\"wpforms-field-label-inline\" for=\"wpforms-105-field_3_3\">Tercera opci\u00f3n<\/label><\/li><\/ul><\/fieldset><\/div><script>\n\t\t\t\t( function() {\n\t\t\t\t\tconst style = document.createElement( 'style' );\n\t\t\t\t\tstyle.appendChild( document.createTextNode( '#wpforms-105-field_4-container { position: absolute !important; overflow: hidden !important; display: inline !important; height: 1px !important; width: 1px !important; z-index: -1000 !important; padding: 0 !important; } #wpforms-105-field_4-container input { visibility: hidden; } #wpforms-conversational-form-page #wpforms-105-field_4-container label { counter-increment: none; }' ) );\n\t\t\t\t\tdocument.head.appendChild( style );\n\t\t\t\t\tdocument.currentScript?.remove();\n\t\t\t\t} )();\n\t\t\t<\/script><\/div><!-- .wpforms-field-container --><div class=\"wpforms-submit-container\" ><input type=\"hidden\" name=\"wpforms[id]\" value=\"105\"><input type=\"hidden\" name=\"page_title\" value=\"\"><input type=\"hidden\" name=\"page_url\" value=\"https:\/\/hcpsystem.net.pe\/index.php\/wp-json\/wp\/v2\/pages\/16\"><input type=\"hidden\" name=\"url_referer\" value=\"\"><button type=\"submit\" name=\"wpforms[submit]\" id=\"wpforms-submit-105\" class=\"wpforms-submit\" data-alt-text=\"Enviando...\" data-submit-text=\"Enviar\" aria-live=\"assertive\" value=\"wpforms-submit\">Enviar<\/button><img decoding=\"async\" src=\"https:\/\/hcpsystem.net.pe\/wp-content\/plugins\/wpforms-lite\/assets\/images\/submit-spin.svg\" class=\"wpforms-submit-spinner\" style=\"display: none;\" width=\"26\" height=\"26\" alt=\"Cargando\"><\/div><\/form><\/div>  <!-- .wpforms-container -->\t\t\t\t<\/div>\n\t\t\t\t<\/div>\n\t\t\t\t\t<\/div>\n\t\t\t\t<\/div>\n\t\t\t\t<\/div>\n\t\t","protected":false},"excerpt":{"rendered":"<p>Por favor, activa JavaScript en tu navegador para completar este formulario.Por favor, activa JavaScript en tu navegador para completar este formulario.P\u00e1rrafo de texto Opciones m\u00faltiples Primera opci\u00f3n Segunda opci\u00f3n Tercera opci\u00f3n Casillas de verificaci\u00f3n Primera opci\u00f3n Segunda opci\u00f3n Tercera opci\u00f3n Enviar<\/p>\n","protected":false},"author":1,"featured_media":0,"parent":0,"menu_order":0,"comment_status":"closed","ping_status":"closed","template":"","meta":{"footnotes":""},"class_list":["post-16","page","type-page","status-publish","hentry"],"_links":{"self":[{"href":"https:\/\/hcpsystem.net.pe\/index.php\/wp-json\/wp\/v2\/pages\/16","targetHints":{"allow":["GET"]}}],"collection":[{"href":"https:\/\/hcpsystem.net.pe\/index.php\/wp-json\/wp\/v2\/pages"}],"about":[{"href":"https:\/\/hcpsystem.net.pe\/index.php\/wp-json\/wp\/v2\/types\/page"}],"author":[{"embeddable":true,"href":"https:\/\/hcpsystem.net.pe\/index.php\/wp-json\/wp\/v2\/users\/1"}],"replies":[{"embeddable":true,"href":"https:\/\/hcpsystem.net.pe\/index.php\/wp-json\/wp\/v2\/comments?post=16"}],"version-history":[{"count":9,"href":"https:\/\/hcpsystem.net.pe\/index.php\/wp-json\/wp\/v2\/pages\/16\/revisions"}],"predecessor-version":[{"id":126,"href":"https:\/\/hcpsystem.net.pe\/index.php\/wp-json\/wp\/v2\/pages\/16\/revisions\/126"}],"wp:attachment":[{"href":"https:\/\/hcpsystem.net.pe\/index.php\/wp-json\/wp\/v2\/media?parent=16"}],"curies":[{"name":"wp","href":"https:\/\/api.w.org\/{rel}","templated":true}]}}